{"id":76,"date":"2019-06-16T07:20:10","date_gmt":"2019-06-16T07:20:10","guid":{"rendered":"https:\/\/www.riberot.fr\/?page_id=76"},"modified":"2019-06-16T07:24:20","modified_gmt":"2019-06-16T07:24:20","slug":"76-2","status":"publish","type":"page","link":"https:\/\/www.fermedeyak.fr\/?page_id=76","title":{"rendered":"\u00e0 Table"},"content":{"rendered":"\n<p>acheter et d\u00e9guster nos produits<br><\/p>\n\n\n\n<p>Apr\u00e8s r\u00e9servation vous pouver joindre notre table d&#8217;h\u00f4te. Notre cuisine est simple, biologique et selon disponibilit\u00e9 avec les produits de la ferme et\/ou producteurs locaux.<\/p>\n\n\n\n<p><\/p>\n\n\n\n<p>Nous sommes pr\u00e9sentes sur le march\u00e9 de Seix le dimanche et nous vendons nos produits \u00e0 la ferme.<\/p>\n\n\n\n<ul class=\"wp-block-gallery columns-3 is-cropped wp-block-gallery-1 is-layout-flex wp-block-gallery-is-layout-flex\"><li class=\"blocks-gallery-item\"><figure><img loading=\"lazy\" decoding=\"async\" width=\"1024\" height=\"576\" src=\"https:\/\/www.riberot.fr\/wp-content\/uploads\/2019\/06\/20190615_1244251-1-1024x576.jpg\" alt=\"\" data-id=\"83\" data-link=\"https:\/\/www.riberot.fr\/?attachment_id=83\" class=\"wp-image-83\" srcset=\"https:\/\/www.fermedeyak.fr\/wp-content\/uploads\/2019\/06\/20190615_1244251-1-1024x576.jpg 1024w, https:\/\/www.fermedeyak.fr\/wp-content\/uploads\/2019\/06\/20190615_1244251-1-300x169.jpg 300w, https:\/\/www.fermedeyak.fr\/wp-content\/uploads\/2019\/06\/20190615_1244251-1-768x432.jpg 768w, https:\/\/www.fermedeyak.fr\/wp-content\/uploads\/2019\/06\/20190615_1244251-1-1568x882.jpg 1568w\" sizes=\"auto, (max-width: 1024px) 100vw, 1024px\" \/><\/figure><\/li><li class=\"blocks-gallery-item\"><figure><img loading=\"lazy\" decoding=\"async\" width=\"666\" height=\"375\" src=\"https:\/\/www.riberot.fr\/wp-content\/uploads\/2019\/06\/20190602_120425-1.jpg\" alt=\"\" data-id=\"84\" data-link=\"https:\/\/www.riberot.fr\/?attachment_id=84\" class=\"wp-image-84\" srcset=\"https:\/\/www.fermedeyak.fr\/wp-content\/uploads\/2019\/06\/20190602_120425-1.jpg 666w, https:\/\/www.fermedeyak.fr\/wp-content\/uploads\/2019\/06\/20190602_120425-1-300x169.jpg 300w\" sizes=\"auto, (max-width: 666px) 100vw, 666px\" \/><\/figure><\/li><li class=\"blocks-gallery-item\"><figure><img loading=\"lazy\" decoding=\"async\" width=\"1024\" height=\"576\" src=\"https:\/\/www.riberot.fr\/wp-content\/uploads\/2019\/06\/20190615_1044461-1024x576.jpg\" alt=\"\" data-id=\"85\" data-link=\"https:\/\/www.riberot.fr\/?attachment_id=85\" class=\"wp-image-85\" srcset=\"https:\/\/www.fermedeyak.fr\/wp-content\/uploads\/2019\/06\/20190615_1044461-1024x576.jpg 1024w, https:\/\/www.fermedeyak.fr\/wp-content\/uploads\/2019\/06\/20190615_1044461-300x169.jpg 300w, https:\/\/www.fermedeyak.fr\/wp-content\/uploads\/2019\/06\/20190615_1044461-768x432.jpg 768w, https:\/\/www.fermedeyak.fr\/wp-content\/uploads\/2019\/06\/20190615_1044461-1568x882.jpg 1568w\" sizes=\"auto, (max-width: 1024px) 100vw, 1024px\" \/><\/figure><\/li><\/ul>\n\n\n\n<p><br><\/p>\n","protected":false},"excerpt":{"rendered":"<p>acheter et d\u00e9guster nos produits Apr\u00e8s r\u00e9servation vous pouver joindre notre table d&#8217;h\u00f4te. Notre cuisine est simple, biologique et selon disponibilit\u00e9 avec les produits de la ferme et\/ou producteurs locaux. Nous sommes pr\u00e9sentes sur le march\u00e9 de Seix le dimanche et nous vendons nos produits \u00e0 la ferme.<\/p>\n","protected":false},"author":1,"featured_media":0,"parent":0,"menu_order":0,"comment_status":"closed","ping_status":"closed","template":"","meta":{"footnotes":""},"class_list":["post-76","page","type-page","status-publish","hentry","entry"],"_links":{"self":[{"href":"https:\/\/www.fermedeyak.fr\/index.php?rest_route=\/wp\/v2\/pages\/76","targetHints":{"allow":["GET"]}}],"collection":[{"href":"https:\/\/www.fermedeyak.fr\/index.php?rest_route=\/wp\/v2\/pages"}],"about":[{"href":"https:\/\/www.fermedeyak.fr\/index.php?rest_route=\/wp\/v2\/types\/page"}],"author":[{"embeddable":true,"href":"https:\/\/www.fermedeyak.fr\/index.php?rest_route=\/wp\/v2\/users\/1"}],"replies":[{"embeddable":true,"href":"https:\/\/www.fermedeyak.fr\/index.php?rest_route=%2Fwp%2Fv2%2Fcomments&post=76"}],"version-history":[{"count":5,"href":"https:\/\/www.fermedeyak.fr\/index.php?rest_route=\/wp\/v2\/pages\/76\/revisions"}],"predecessor-version":[{"id":86,"href":"https:\/\/www.fermedeyak.fr\/index.php?rest_route=\/wp\/v2\/pages\/76\/revisions\/86"}],"wp:attachment":[{"href":"https:\/\/www.fermedeyak.fr\/index.php?rest_route=%2Fwp%2Fv2%2Fmedia&parent=76"}],"curies":[{"name":"wp","href":"https:\/\/api.w.org\/{rel}","templated":true}]}}