{"id":23,"date":"2019-05-06T11:18:17","date_gmt":"2019-05-06T11:18:17","guid":{"rendered":"https:\/\/www.riberot.fr\/?page_id=23"},"modified":"2019-05-10T12:53:14","modified_gmt":"2019-05-10T12:53:14","slug":"yak","status":"publish","type":"page","link":"https:\/\/www.fermedeyak.fr\/?page_id=23","title":{"rendered":"Yak"},"content":{"rendered":"\n<p>En 2012 nous sommes commencer notre \u00e9levage de Bovin Yak. Nous sommes fi\u00e8r d&#8217;avoir le seul \u00e9levage de Bovin Yak en France. Le cheptel est \u00e0 une cinquantaine de t\u00eates.<\/p>\n\n\n\n<p><\/p>\n\n\n\n<p> Nous avons pr\u00e9vu de commencer la commercialisation cette ann\u00e9e 2019 vers l&#8217;automne. Nous allons vendre des Yak en vif ou la viande. <\/p>\n\n\n\n<ul class=\"wp-block-gallery columns-3 is-cropped wp-block-gallery-1 is-layout-flex wp-block-gallery-is-layout-flex\"><li class=\"blocks-gallery-item\"><figure><img loading=\"lazy\" decoding=\"async\" width=\"666\" height=\"375\" src=\"https:\/\/www.riberot.fr\/wp-content\/uploads\/2019\/05\/20190310_132132.jpg\" alt=\"\" data-id=\"16\" data-link=\"https:\/\/www.riberot.fr\/?attachment_id=16\" class=\"wp-image-16\" srcset=\"https:\/\/www.fermedeyak.fr\/wp-content\/uploads\/2019\/05\/20190310_132132.jpg 666w, https:\/\/www.fermedeyak.fr\/wp-content\/uploads\/2019\/05\/20190310_132132-300x169.jpg 300w\" sizes=\"auto, (max-width: 666px) 100vw, 666px\" \/><\/figure><\/li><li class=\"blocks-gallery-item\"><figure><img loading=\"lazy\" decoding=\"async\" width=\"1024\" height=\"768\" src=\"https:\/\/www.riberot.fr\/wp-content\/uploads\/2019\/05\/P1110394-1-1024x768.jpg\" alt=\"\" data-id=\"48\" data-link=\"https:\/\/www.riberot.fr\/?attachment_id=48\" class=\"wp-image-48\" srcset=\"https:\/\/www.fermedeyak.fr\/wp-content\/uploads\/2019\/05\/P1110394-1-1024x768.jpg 1024w, https:\/\/www.fermedeyak.fr\/wp-content\/uploads\/2019\/05\/P1110394-1-300x225.jpg 300w, https:\/\/www.fermedeyak.fr\/wp-content\/uploads\/2019\/05\/P1110394-1-768x576.jpg 768w, https:\/\/www.fermedeyak.fr\/wp-content\/uploads\/2019\/05\/P1110394-1-1568x1176.jpg 1568w\" sizes=\"auto, (max-width: 1024px) 100vw, 1024px\" \/><\/figure><\/li><li class=\"blocks-gallery-item\"><figure><img loading=\"lazy\" decoding=\"async\" width=\"1024\" height=\"768\" src=\"https:\/\/www.riberot.fr\/wp-content\/uploads\/2019\/05\/P1110235-1-1024x768.jpg\" alt=\"\" data-id=\"50\" data-link=\"https:\/\/www.riberot.fr\/?attachment_id=50\" class=\"wp-image-50\" srcset=\"https:\/\/www.fermedeyak.fr\/wp-content\/uploads\/2019\/05\/P1110235-1-1024x768.jpg 1024w, https:\/\/www.fermedeyak.fr\/wp-content\/uploads\/2019\/05\/P1110235-1-300x225.jpg 300w, https:\/\/www.fermedeyak.fr\/wp-content\/uploads\/2019\/05\/P1110235-1-768x576.jpg 768w, https:\/\/www.fermedeyak.fr\/wp-content\/uploads\/2019\/05\/P1110235-1-1568x1176.jpg 1568w\" sizes=\"auto, (max-width: 1024px) 100vw, 1024px\" \/><\/figure><\/li><li class=\"blocks-gallery-item\"><figure><img loading=\"lazy\" decoding=\"async\" width=\"666\" height=\"375\" src=\"https:\/\/www.riberot.fr\/wp-content\/uploads\/2019\/05\/20190101_163148.jpg\" alt=\"\" data-id=\"14\" data-link=\"https:\/\/www.riberot.fr\/?attachment_id=14\" class=\"wp-image-14\" srcset=\"https:\/\/www.fermedeyak.fr\/wp-content\/uploads\/2019\/05\/20190101_163148.jpg 666w, https:\/\/www.fermedeyak.fr\/wp-content\/uploads\/2019\/05\/20190101_163148-300x169.jpg 300w\" sizes=\"auto, (max-width: 666px) 100vw, 666px\" \/><\/figure><\/li><\/ul>\n\n\n\n<p>La viande de Yak est une viande de haut gamme qui est tr\u00e8s cherch\u00e9. Elle est maigre et tr\u00e8s riche en minereaux. Nos b\u00eates sont \u00e9lev\u00e9es lentement en bio et en plein air et avons tout le fond de la vall\u00e9e pour se promener et trouver les richesses du haut montagne. En plus ils boivent l&#8217;eau du sources des montagnes. Leur viande \u00e0 une gout superieur et \u00e9lev\u00e9 avec une viande tr\u00e8s persill\u00e9e. <\/p>\n\n\n\n<p>Contacter nous pour avoir plus de information. <br><\/p>\n","protected":false},"excerpt":{"rendered":"<p>En 2012 nous sommes commencer notre \u00e9levage de Bovin Yak. Nous sommes fi\u00e8r d&#8217;avoir le seul \u00e9levage de Bovin Yak en France. Le cheptel est \u00e0 une cinquantaine de t\u00eates. Nous avons pr\u00e9vu de commencer la commercialisation cette ann\u00e9e 2019 vers l&#8217;automne. Nous allons vendre des Yak en vif ou la viande. La viande de &hellip; <\/p>\n<p class=\"link-more\"><a href=\"https:\/\/www.fermedeyak.fr\/?page_id=23\" class=\"more-link\">Lees verder <span class=\"screen-reader-text\">&#8220;Yak&#8221;<\/span><\/a><\/p>\n","protected":false},"author":1,"featured_media":0,"parent":12,"menu_order":0,"comment_status":"open","ping_status":"closed","template":"","meta":{"footnotes":""},"class_list":["post-23","page","type-page","status-publish","hentry","entry"],"_links":{"self":[{"href":"https:\/\/www.fermedeyak.fr\/index.php?rest_route=\/wp\/v2\/pages\/23","targetHints":{"allow":["GET"]}}],"collection":[{"href":"https:\/\/www.fermedeyak.fr\/index.php?rest_route=\/wp\/v2\/pages"}],"about":[{"href":"https:\/\/www.fermedeyak.fr\/index.php?rest_route=\/wp\/v2\/types\/page"}],"author":[{"embeddable":true,"href":"https:\/\/www.fermedeyak.fr\/index.php?rest_route=\/wp\/v2\/users\/1"}],"replies":[{"embeddable":true,"href":"https:\/\/www.fermedeyak.fr\/index.php?rest_route=%2Fwp%2Fv2%2Fcomments&post=23"}],"version-history":[{"count":5,"href":"https:\/\/www.fermedeyak.fr\/index.php?rest_route=\/wp\/v2\/pages\/23\/revisions"}],"predecessor-version":[{"id":73,"href":"https:\/\/www.fermedeyak.fr\/index.php?rest_route=\/wp\/v2\/pages\/23\/revisions\/73"}],"up":[{"embeddable":true,"href":"https:\/\/www.fermedeyak.fr\/index.php?rest_route=\/wp\/v2\/pages\/12"}],"wp:attachment":[{"href":"https:\/\/www.fermedeyak.fr\/index.php?rest_route=%2Fwp%2Fv2%2Fmedia&parent=23"}],"curies":[{"name":"wp","href":"https:\/\/api.w.org\/{rel}","templated":true}]}}