{"id":12,"date":"2019-05-06T10:51:07","date_gmt":"2019-05-06T10:51:07","guid":{"rendered":"https:\/\/www.riberot.fr\/?page_id=12"},"modified":"2026-03-19T07:53:07","modified_gmt":"2026-03-19T06:53:07","slug":"ferme-de-yak-riberot","status":"publish","type":"page","link":"https:\/\/www.fermedeyak.fr\/","title":{"rendered":"ferme de Yak"},"content":{"rendered":"\n<p class=\"has-text-align-left\">Dans le Cantal et le Couserans, dans les Pyren\u00e9es Ari\u00e8goises nous \u00e9levons nos bovins Yak et engraissons nos cochons. <\/p>\n\n\n\n<p>Contact: 07.83378567<\/p>\n\n\n\n<p><\/p>\n\n\n\n<p>Jacqueline Cremers et Augustin de Bekker<\/p>\n\n\n\n<p><\/p>\n\n\n\n<p><br><\/p>\n","protected":false},"excerpt":{"rendered":"<p>Dans le Cantal et le Couserans, dans les Pyren\u00e9es Ari\u00e8goises nous \u00e9levons nos bovins Yak et engraissons nos cochons. Contact: 07.83378567 Jacqueline Cremers et Augustin de Bekker<\/p>\n","protected":false},"author":1,"featured_media":0,"parent":0,"menu_order":0,"comment_status":"closed","ping_status":"closed","template":"","meta":{"footnotes":""},"class_list":["post-12","page","type-page","status-publish","hentry","entry"],"_links":{"self":[{"href":"https:\/\/www.fermedeyak.fr\/index.php?rest_route=\/wp\/v2\/pages\/12","targetHints":{"allow":["GET"]}}],"collection":[{"href":"https:\/\/www.fermedeyak.fr\/index.php?rest_route=\/wp\/v2\/pages"}],"about":[{"href":"https:\/\/www.fermedeyak.fr\/index.php?rest_route=\/wp\/v2\/types\/page"}],"author":[{"embeddable":true,"href":"https:\/\/www.fermedeyak.fr\/index.php?rest_route=\/wp\/v2\/users\/1"}],"replies":[{"embeddable":true,"href":"https:\/\/www.fermedeyak.fr\/index.php?rest_route=%2Fwp%2Fv2%2Fcomments&post=12"}],"version-history":[{"count":7,"href":"https:\/\/www.fermedeyak.fr\/index.php?rest_route=\/wp\/v2\/pages\/12\/revisions"}],"predecessor-version":[{"id":98,"href":"https:\/\/www.fermedeyak.fr\/index.php?rest_route=\/wp\/v2\/pages\/12\/revisions\/98"}],"wp:attachment":[{"href":"https:\/\/www.fermedeyak.fr\/index.php?rest_route=%2Fwp%2Fv2%2Fmedia&parent=12"}],"curies":[{"name":"wp","href":"https:\/\/api.w.org\/{rel}","templated":true}]}}